{"id":1073,"date":"2023-05-16T11:15:46","date_gmt":"2023-05-16T11:15:46","guid":{"rendered":"https:\/\/demo6.zumm.info\/?page_id=1073"},"modified":"2023-05-18T15:02:39","modified_gmt":"2023-05-18T15:02:39","slug":"politika-kolacica","status":"publish","type":"page","link":"https:\/\/sweetkidsteam.com\/en\/politika-kolacica\/","title":{"rendered":"Cookies policy"},"content":{"rendered":"<div data-elementor-type=\"wp-page\" data-elementor-id=\"1073\" class=\"elementor elementor-1073\" data-elementor-post-type=\"page\">\n\t\t\t\t\t\t<section class=\"elementor-section elementor-top-section elementor-element elementor-element-1a7156d elementor-section-boxed elementor-section-height-default elementor-section-height-default\" data-id=\"1a7156d\" data-element_type=\"section\" data-e-type=\"section\">\n\t\t\t\t\t\t<div class=\"elementor-container elementor-column-gap-default\">\n\t\t\t\t\t<div class=\"elementor-column elementor-col-100 elementor-top-column elementor-element elementor-element-f87726b\" data-id=\"f87726b\" data-element_type=\"column\" data-e-type=\"column\">\n\t\t\t<div class=\"elementor-widget-wrap elementor-element-populated\">\n\t\t\t\t\t\t<div class=\"elementor-element elementor-element-f3b0d56 elementor-widget elementor-widget-heading\" data-id=\"f3b0d56\" data-element_type=\"widget\" data-e-type=\"widget\" data-widget_type=\"heading.default\">\n\t\t\t\t<div class=\"elementor-widget-container\">\n\t\t\t\t\t<h2 class=\"elementor-heading-title elementor-size-default\">Cookie policy<\/h2>\t\t\t\t<\/div>\n\t\t\t\t<\/div>\n\t\t\t\t<div class=\"elementor-element elementor-element-e236a02 elementor-widget elementor-widget-text-editor\" data-id=\"e236a02\" data-element_type=\"widget\" data-e-type=\"widget\" data-widget_type=\"text-editor.default\">\n\t\t\t\t<div class=\"elementor-widget-container\">\n\t\t\t\t\t\t\t\t\t<p>Cookie statement<\/p><p>Hereby we would like to inform you about the use of cookies on the website https:\/\/sweetkidsteam.com\/ and the possible collection of personal data through them when visiting the site.<\/p><p>What are cookies?<\/p><p>Cookies and related technologies (pixels, beacons) are small text documents that we or a third party places on your computer when you visit our website. They primarily serve to identify the user (i.e. have you visited us before), to store settings (such as the appearance of the page) and to enable functionality. Cookies also make it possible to analyze the use of the website and improve the level of service.<\/p><p>We may collect the following information: e<\/p><ul><li>Anonymized form of IP address<\/li><li>Access date<\/li><li>The session ID<\/li><li>The session ID<\/li><li>Browser and operating system information<\/li><\/ul><p>We do not forward your personal data to third countries that are not covered by the adequacy decisions of the European Commission or the Privacy Shield (a decision on the transfer of data between the USA and the EU that prescribes a level of protection equivalent to that of the EU). Visit data and identifiers may be sent to the Netherlands (Google) and the USA and Ireland (Facebook).<\/p><p>The cookies we use<\/p><p>Google<\/p><p>These cookies are used for user identification, ad customization, service acceleration, protection against computer attacks and analytics. Cookies used:<\/p><ul><li>1P_JAR, APISID, CONSENT, GAPS, HSID, LSID, NID (6 months), SAPISID, SID, SIDCC, SID, SMSV, SSID<\/li><\/ul><p>For more information, read Google's\u00a0<a href=\"https:\/\/policies.google.com\/technologies\/types\">politiku o kola\u010di\u0107ima<\/a>. You can also turn off the Google Analytics service\u00a0<a href=\"https:\/\/tools.google.com\/dlpage\/gaoptout\">here<\/a>.<\/p><p>At any time, you can turn off receiving third-party cookies in your browser, thereby stopping receiving the above-mentioned cookies as well. You can also turn off third-party cookies\u00a0<a href=\"http:\/\/www.youronlinechoices.eu\/\">here<\/a>. Please remember that if cookies are turned off, some elements of the website may stop working.<\/p><p>PHPSESSID<\/p><p>These cookies are used to store user settings and shopping cart contents when visiting the website. After the end of the session, they are deleted.<\/p><p>\u00a0<\/p><p>Third-party advertising cookies<\/p><p>We use third-party services to serve ads based on the interests of users who have previously visited https:\/\/sweetkidsteam.com\/, which are determined based on their Internet searches.<\/p><p>Ti kola\u010di\u0107i prikupljaju demografske podatke i\/ili podatke na stranicama koje su korisnici posjetili, proizvode koje su pogledali i konverzije koje su napravili kao rezultat ogla\u0161iva\u010dkih kampanja.<\/p><p>For example, these cookies are used to:<\/p><p>- determined the number of users who viewed the service after clicking on the ad<\/p><p>- display ads that are tailored to the user's demographic profile or based on their specific interests, including ads<\/p><p>\u2013 on other pages, on other pages, ads related to the services that the user viewed on the page were displayed<\/p><p>\u2013 avoid re-displaying ads that users have already seen<\/p><p>We use the following advertising cookies:<\/p><p>Service provider: Google Ads<\/p><p>Cookies: _gads and _gac<\/p><p>You can find the privacy policy at the following link: https:\/\/www.google.com\/intl\/hr\/policies\/privacy\/<\/p><p>You can find the consent form at the following link: https:\/\/adssettings.google.com\/anonymous?hl=hr<\/p><p>Service Provider: Facebook (Facebook Pixel)<\/p><p>Cookies: c_user, datr, sb, pl, sb, fr, s, wd, locale, csm, x-src, xs, tr<\/p><p>You can find the privacy policy at the following link: https:\/\/www.facebook.com\/privacy\/explanation<\/p><p>You can find the consent form at the following link: https:\/\/www.facebook.com\/ads\/preferences\/<\/p><p>\u00a0<\/p><p>How long are cookies stored?<\/p><p>Session cookies are automatically deleted as soon as you exit the browser.<\/p><p>We do not set cookies that are not necessary without prior consent.<\/p><p>\u00a0<\/p><p>Cookie management<\/p><p>You can turn off the storage of even necessary cookies in your browser settings, but in this case the website may not function. For more information, read the instructions that come with your browser. If you turn off the setting of all cookies, some aspects of the website may no longer function. \u00a0<\/p><p>You can turn off cookies from third-party advertisers by visiting the website\u00a0<a href=\"http:\/\/youronlinechoices.eu\/\">Your Online Choices<\/a>. These exclusions are valid for the browser in which you performed them, they are valid for all pages, and they last until you delete the cookies. You can also unsubscribe from Google Analytics here:\u00a0<a href=\"https:\/\/tools.google.com\/dlpage\/gaoptout\">http:\/\/tools.google.com\/dlpage\/gaoptout<\/a><\/p><p>\u00a0<\/p><p>Contact<\/p><p>If you have any questions regarding this cookie statement, please feel free to contact us at:<\/p><p>E-MAIL:\u00a0 helena248@yahoo.com<\/p><p>MOBILE PHONE: +385 99 554 0000<\/p><p>ADDRESS: Kneza Mislava 15, 10 000 Zagreb<\/p>\t\t\t\t\t\t\t\t<\/div>\n\t\t\t\t<\/div>\n\t\t\t\t\t<\/div>\n\t\t<\/div>\n\t\t\t\t\t<\/div>\n\t\t<\/section>\n\t\t\t\t<\/div>","protected":false},"excerpt":{"rendered":"<p>Politika kola\u010di\u0107a Izjava o kola\u010di\u0107ima Ovim vas putem \u017eelimo obavijestiti o kori\u0161tenju kola\u010di\u0107a na web stranici https:\/\/sweetkidsteam.com\/\u00a0i mogu\u0107em prikupljanju osobnih podataka putem istih prilikom posjete stranici. \u0160to su kola\u010di\u0107i? Kola\u010di\u0107i i srodne tehnologije (pikseli, beaconi) mali su tekstni dokumenti koje mi ili tre\u0107a strana postavlja na va\u0161e ra\u010dunalo kad posjetite na\u0161u web-stranicu. Prvenstveno slu\u017ee za [&hellip;]<\/p>\n","protected":false},"author":1,"featured_media":0,"parent":0,"menu_order":0,"comment_status":"closed","ping_status":"closed","template":"","meta":{"ocean_post_layout":"","ocean_both_sidebars_style":"","ocean_both_sidebars_content_width":0,"ocean_both_sidebars_sidebars_width":0,"ocean_sidebar":"0","ocean_second_sidebar":"0","ocean_disable_margins":"enable","ocean_add_body_class":"","ocean_shortcode_before_top_bar":"","ocean_shortcode_after_top_bar":"","ocean_shortcode_before_header":"","ocean_shortcode_after_header":"","ocean_has_shortcode":"","ocean_shortcode_after_title":"","ocean_shortcode_before_footer_widgets":"","ocean_shortcode_after_footer_widgets":"","ocean_shortcode_before_footer_bottom":"","ocean_shortcode_after_footer_bottom":"","ocean_display_top_bar":"default","ocean_display_header":"default","ocean_header_style":"","ocean_center_header_left_menu":"0","ocean_custom_header_template":"0","ocean_custom_logo":0,"ocean_custom_retina_logo":0,"ocean_custom_logo_max_width":0,"ocean_custom_logo_tablet_max_width":0,"ocean_custom_logo_mobile_max_width":0,"ocean_custom_logo_max_height":0,"ocean_custom_logo_tablet_max_height":0,"ocean_custom_logo_mobile_max_height":0,"ocean_header_custom_menu":"0","ocean_menu_typo_font_family":"0","ocean_menu_typo_font_subset":"","ocean_menu_typo_font_size":0,"ocean_menu_typo_font_size_tablet":0,"ocean_menu_typo_font_size_mobile":0,"ocean_menu_typo_font_size_unit":"px","ocean_menu_typo_font_weight":"","ocean_menu_typo_font_weight_tablet":"","ocean_menu_typo_font_weight_mobile":"","ocean_menu_typo_transform":"","ocean_menu_typo_transform_tablet":"","ocean_menu_typo_transform_mobile":"","ocean_menu_typo_line_height":0,"ocean_menu_typo_line_height_tablet":0,"ocean_menu_typo_line_height_mobile":0,"ocean_menu_typo_line_height_unit":"","ocean_menu_typo_spacing":0,"ocean_menu_typo_spacing_tablet":0,"ocean_menu_typo_spacing_mobile":0,"ocean_menu_typo_spacing_unit":"","ocean_menu_link_color":"","ocean_menu_link_color_hover":"","ocean_menu_link_color_active":"","ocean_menu_link_background":"","ocean_menu_link_hover_background":"","ocean_menu_link_active_background":"","ocean_menu_social_links_bg":"","ocean_menu_social_hover_links_bg":"","ocean_menu_social_links_color":"","ocean_menu_social_hover_links_color":"","ocean_disable_title":"default","ocean_disable_heading":"default","ocean_post_title":"","ocean_post_subheading":"","ocean_post_title_style":"","ocean_post_title_background_color":"","ocean_post_title_background":0,"ocean_post_title_bg_image_position":"","ocean_post_title_bg_image_attachment":"","ocean_post_title_bg_image_repeat":"","ocean_post_title_bg_image_size":"","ocean_post_title_height":0,"ocean_post_title_bg_overlay":0.5,"ocean_post_title_bg_overlay_color":"","ocean_disable_breadcrumbs":"default","ocean_breadcrumbs_color":"","ocean_breadcrumbs_separator_color":"","ocean_breadcrumbs_links_color":"","ocean_breadcrumbs_links_hover_color":"","ocean_display_footer_widgets":"default","ocean_display_footer_bottom":"default","ocean_custom_footer_template":"0","iawp_total_views":28,"footnotes":""},"class_list":["post-1073","page","type-page","status-publish","hentry","entry","owp-thumbs-layout-horizontal","owp-btn-normal","owp-tabs-layout-horizontal","has-no-thumbnails","has-product-nav"],"_links":{"self":[{"href":"https:\/\/sweetkidsteam.com\/en\/wp-json\/wp\/v2\/pages\/1073","targetHints":{"allow":["GET"]}}],"collection":[{"href":"https:\/\/sweetkidsteam.com\/en\/wp-json\/wp\/v2\/pages"}],"about":[{"href":"https:\/\/sweetkidsteam.com\/en\/wp-json\/wp\/v2\/types\/page"}],"author":[{"embeddable":true,"href":"https:\/\/sweetkidsteam.com\/en\/wp-json\/wp\/v2\/users\/1"}],"replies":[{"embeddable":true,"href":"https:\/\/sweetkidsteam.com\/en\/wp-json\/wp\/v2\/comments?post=1073"}],"version-history":[{"count":7,"href":"https:\/\/sweetkidsteam.com\/en\/wp-json\/wp\/v2\/pages\/1073\/revisions"}],"predecessor-version":[{"id":1121,"href":"https:\/\/sweetkidsteam.com\/en\/wp-json\/wp\/v2\/pages\/1073\/revisions\/1121"}],"wp:attachment":[{"href":"https:\/\/sweetkidsteam.com\/en\/wp-json\/wp\/v2\/media?parent=1073"}],"curies":[{"name":"wp","href":"https:\/\/api.w.org\/{rel}","templated":true}]}}